{"id":10,"date":"2021-03-30T12:33:50","date_gmt":"2021-03-30T15:33:50","guid":{"rendered":"https:\/\/institutodepatologiadovale.com.br\/?page_id=10"},"modified":"2024-06-10T08:57:11","modified_gmt":"2024-06-10T11:57:11","slug":"resultado-de-exames","status":"publish","type":"page","link":"https:\/\/institutodepatologiadovale.com.br\/index.php\/resultado-de-exames\/","title":{"rendered":"RESULTADO DE EXAMES"},"content":{"rendered":"\t\t<div data-elementor-type=\"wp-page\" data-elementor-id=\"10\" class=\"elementor elementor-10\">\n\t\t\t\t\t\t\t\t\t<section class=\"elementor-section elementor-top-section elementor-element elementor-element-633e8d9 elementor-section-boxed elementor-section-height-default elementor-section-height-default\" data-id=\"633e8d9\" data-element_type=\"section\" data-settings=\"{&quot;background_background&quot;:&quot;gradient&quot;}\">\n\t\t\t\t\t\t<div class=\"elementor-container elementor-column-gap-default\">\n\t\t\t\t\t<div class=\"elementor-column elementor-col-100 elementor-top-column elementor-element elementor-element-e430fe1\" data-id=\"e430fe1\" data-element_type=\"column\">\n\t\t\t<div class=\"elementor-widget-wrap elementor-element-populated\">\n\t\t\t\t\t\t\t\t<div class=\"elementor-element elementor-element-10f90d2 elementor-widget elementor-widget-heading\" data-id=\"10f90d2\" data-element_type=\"widget\" data-widget_type=\"heading.default\">\n\t\t\t\t<div class=\"elementor-widget-container\">\n\t\t\t<h2 class=\"elementor-heading-title elementor-size-default\"><a href=\"https:\/\/institutodepatologiadovale.com.br\/#SERVICO\">RESULTADO DE EXAMES<\/a><\/h2>\t\t<\/div>\n\t\t\t\t<\/div>\n\t\t\t\t\t<\/div>\n\t\t<\/div>\n\t\t\t\t\t\t\t<\/div>\n\t\t<\/section>\n\t\t\t\t<section class=\"elementor-section elementor-top-section elementor-element elementor-element-b9d938d elementor-section-boxed elementor-section-height-default elementor-section-height-default\" data-id=\"b9d938d\" data-element_type=\"section\" data-settings=\"{&quot;background_background&quot;:&quot;gradient&quot;}\">\n\t\t\t\t\t\t\t<div class=\"elementor-background-overlay\"><\/div>\n\t\t\t\t\t\t\t<div class=\"elementor-container elementor-column-gap-default\">\n\t\t\t\t\t<div class=\"elementor-column elementor-col-100 elementor-top-column elementor-element elementor-element-658a3b9\" data-id=\"658a3b9\" data-element_type=\"column\">\n\t\t\t<div class=\"elementor-widget-wrap elementor-element-populated\">\n\t\t\t\t\t\t\t\t<div class=\"elementor-element elementor-element-ffc490a elementor-widget elementor-widget-heading\" data-id=\"ffc490a\" data-element_type=\"widget\" data-widget_type=\"heading.default\">\n\t\t\t\t<div class=\"elementor-widget-container\">\n\t\t\t<h2 class=\"elementor-heading-title elementor-size-default\">Acesse os resultados online dos exames, preenchendo os dados abaixo<\/h2>\t\t<\/div>\n\t\t\t\t<\/div>\n\t\t\t\t\t<\/div>\n\t\t<\/div>\n\t\t\t\t\t\t\t<\/div>\n\t\t<\/section>\n\t\t\t\t<section class=\"elementor-section elementor-top-section elementor-element elementor-element-eaa9747 elementor-section-boxed elementor-section-height-default elementor-section-height-default\" data-id=\"eaa9747\" data-element_type=\"section\" data-settings=\"{&quot;background_background&quot;:&quot;gradient&quot;}\">\n\t\t\t\t\t\t\t<div class=\"elementor-background-overlay\"><\/div>\n\t\t\t\t\t\t\t<div class=\"elementor-container elementor-column-gap-default\">\n\t\t\t\t\t<div class=\"elementor-column elementor-col-33 elementor-top-column elementor-element elementor-element-b84a172\" data-id=\"b84a172\" data-element_type=\"column\">\n\t\t\t<div class=\"elementor-widget-wrap elementor-element-populated\">\n\t\t\t\t\t\t\t\t<div class=\"elementor-element elementor-element-0ea66cd elementor-widget elementor-widget-heading\" data-id=\"0ea66cd\" data-element_type=\"widget\" data-widget_type=\"heading.default\">\n\t\t\t\t<div class=\"elementor-widget-container\">\n\t\t\t<h2 class=\"elementor-heading-title elementor-size-default\">Paciente<\/h2>\t\t<\/div>\n\t\t\t\t<\/div>\n\t\t\t\t<div class=\"elementor-element elementor-element-c8a65c1 elementor-widget elementor-widget-html\" data-id=\"c8a65c1\" data-element_type=\"widget\" data-widget_type=\"html.default\">\n\t\t\t\t<div class=\"elementor-widget-container\">\n\t\t\t<form target=\"_blank\" class=\"avada-contact-form\" action=\"https:\/\/pathoweb.com.br\/site\/baixarLaudos\" >\r\n<input type=\"hidden\" name=\"empresa\" value=\"206\"> \r\n        <label style='color:#7A7A7A; font-family:\"Roboto\";font-size:15px; font-weight:700' for=\"senha\">N\u00famero do Exame:<\/label>\r\n        <input required=\"\" id=\"numero\" class=\"form-control\" name=\"numero\" type=\"text\" value=\"\" placeholder=\"Digite o n\u00famero exame\">\r\n        <label style='color:#7A7A7A; font-family:\"Roboto\";font-size:15px; font-weight:700' for=\"senha\">Senha:<\/label>\r\n        <input required=\"\" id=\"senha\" class=\"form-control\" name=\"senha\" type=\"password\" value=\"\" placeholder=\"Digite a senha\">\r\n        <input style='width: 120px;\r\n    background-color: #c0b283;\r\n    color: #ffffff;\r\n    border-radius: 10px 10px 10px 10px;\r\n    margin-top: 15px;\r\n    font-family: \"Roboto\", Roboto;\r\n    font-size: 12px;\r\n    font-weight: 800;\r\n    ' class=\"\" type=\"submit\" value=\"Consultar\">\r\n      <\/form>\t\t<\/div>\n\t\t\t\t<\/div>\n\t\t\t\t\t<\/div>\n\t\t<\/div>\n\t\t\t\t<div class=\"elementor-column elementor-col-33 elementor-top-column elementor-element elementor-element-0ea471b\" data-id=\"0ea471b\" data-element_type=\"column\">\n\t\t\t<div class=\"elementor-widget-wrap elementor-element-populated\">\n\t\t\t\t\t\t\t\t<div class=\"elementor-element elementor-element-e6c34b6 elementor-widget elementor-widget-heading\" data-id=\"e6c34b6\" data-element_type=\"widget\" data-widget_type=\"heading.default\">\n\t\t\t\t<div class=\"elementor-widget-container\">\n\t\t\t<h2 class=\"elementor-heading-title elementor-size-default\">M\u00e9dicos<\/h2>\t\t<\/div>\n\t\t\t\t<\/div>\n\t\t\t\t<div class=\"elementor-element elementor-element-1916e5e elementor-widget elementor-widget-html\" data-id=\"1916e5e\" data-element_type=\"widget\" data-widget_type=\"html.default\">\n\t\t\t\t<div class=\"elementor-widget-container\">\n\t\t\t<form action=\"https:\/\/pathoweb.com.br\/site\/j_spring_security_check\" method=\"POST\" target=\"_blank\">\r\n        <label style='color:#7A7A7A; font-family:\"Roboto\";font-size:15px; font-weight:700' for=\"j_username\">Usu\u00e1rio:<\/label>\r\n        <input required=\"\" id=\"j_username\" class=\"form-control\" name=\"j_username\" type=\"text\" value=\"\" placeholder=\"Digite sua chave\">\r\n        <label style='color:#7A7A7A; font-family:\"Roboto\";font-size:15px; font-weight:700' for=\"j_password\">Senha:<\/label>\r\n        <input required=\"\" id=\"j_password\" class=\"form-control\" name=\"j_password\" type=\"password\" value=\"\" placeholder=\"Digite sua senha\">\r\n      <input  style='width: 120px;\r\n    background-color: #c0b283;\r\n    color: #ffffff;\r\n    border-radius: 10px 10px 10px 10px;\r\n    margin-top: 15px;\r\n    font-family: \"Roboto\", Sans-serif;\r\n    font-size: 12px;\r\n    font-weight: 800;\r\n    ' class=\"btn btn-mulher\" type=\"submit\" value=\"Entrar\">\r\n      <\/form>\t\t<\/div>\n\t\t\t\t<\/div>\n\t\t\t\t\t<\/div>\n\t\t<\/div>\n\t\t\t\t<div class=\"elementor-column elementor-col-33 elementor-top-column elementor-element elementor-element-6b90458\" data-id=\"6b90458\" data-element_type=\"column\">\n\t\t\t<div class=\"elementor-widget-wrap elementor-element-populated\">\n\t\t\t\t\t\t\t\t<div class=\"elementor-element elementor-element-140b299 elementor-widget elementor-widget-heading\" data-id=\"140b299\" data-element_type=\"widget\" data-widget_type=\"heading.default\">\n\t\t\t\t<div class=\"elementor-widget-container\">\n\t\t\t<h2 class=\"elementor-heading-title elementor-size-default\">Proced\u00eancias<\/h2>\t\t<\/div>\n\t\t\t\t<\/div>\n\t\t\t\t<div class=\"elementor-element elementor-element-dc75374 elementor-widget elementor-widget-html\" data-id=\"dc75374\" data-element_type=\"widget\" data-widget_type=\"html.default\">\n\t\t\t\t<div class=\"elementor-widget-container\">\n\t\t\t<form action=\"https:\/\/pathoweb.com.br\/site\/j_spring_security_check\" method=\"POST\" target=\"_blank\">\r\n        <label style='color:#7A7A7A; font-family:\"Roboto\";font-size:15px; font-weight:700' for=\"j_username\">Usu\u00e1rio:<\/label>\r\n        <input required=\"\" id=\"j_username\" class=\"form-control\" name=\"j_username\" type=\"text\" value=\"\" placeholder=\"Digite sua chave\">\r\n        <label style='color:#7A7A7A; font-family:\"Roboto\";font-size:15px; font-weight:700' for=\"j_password\">Senha:<\/label>\r\n        <input required=\"\" id=\"j_password\" class=\"form-control\" name=\"j_password\" type=\"password\" value=\"\" placeholder=\"Digite sua senha\">\r\n      <input  style='width: 120px;\r\n    background-color: #c0b283;\r\n    color: #ffffff;\r\n    border-radius: 10px 10px 10px 10px;\r\n    margin-top: 15px;\r\n    font-family: \"Roboto\", Sans-serif;\r\n    font-size: 12px;\r\n    font-weight: 800;\r\n    ' class=\"btn btn-mulher\" type=\"submit\" value=\"Entrar\">\r\n      <\/form>\t\t<\/div>\n\t\t\t\t<\/div>\n\t\t\t\t\t<\/div>\n\t\t<\/div>\n\t\t\t\t\t\t\t<\/div>\n\t\t<\/section>\n\t\t\t\t<section class=\"elementor-section elementor-top-section elementor-element elementor-element-bcb8e32 elementor-section-boxed elementor-section-height-default elementor-section-height-default\" data-id=\"bcb8e32\" data-element_type=\"section\" data-settings=\"{&quot;background_background&quot;:&quot;gradient&quot;}\">\n\t\t\t\t\t\t<div class=\"elementor-container elementor-column-gap-default\">\n\t\t\t\t\t<div class=\"elementor-column elementor-col-33 elementor-top-column elementor-element elementor-element-cad55df\" data-id=\"cad55df\" data-element_type=\"column\" data-settings=\"{&quot;background_background&quot;:&quot;gradient&quot;}\">\n\t\t\t<div class=\"elementor-widget-wrap elementor-element-populated\">\n\t\t\t\t\t\t\t\t<div class=\"elementor-element elementor-element-e323cd2 elementor-widget elementor-widget-image\" data-id=\"e323cd2\" data-element_type=\"widget\" data-widget_type=\"image.default\">\n\t\t\t\t<div class=\"elementor-widget-container\">\n\t\t\t\t\t\t\t\t\t\t\t\t\t\t\t<img width=\"300\" height=\"161\" src=\"https:\/\/institutodepatologiadovale.com.br\/wp-content\/uploads\/2021\/03\/Logo-300x161.png\" class=\"attachment-medium size-medium\" alt=\"\" loading=\"lazy\" srcset=\"https:\/\/institutodepatologiadovale.com.br\/wp-content\/uploads\/2021\/03\/Logo-300x161.png 300w, https:\/\/institutodepatologiadovale.com.br\/wp-content\/uploads\/2021\/03\/Logo-e1619631153448.png 200w\" sizes=\"(max-width: 300px) 100vw, 300px\" \/>\t\t\t\t\t\t\t\t\t\t\t\t\t\t\t<\/div>\n\t\t\t\t<\/div>\n\t\t\t\t<div class=\"elementor-element elementor-element-a24c511 elementor-widget elementor-widget-text-editor\" data-id=\"a24c511\" data-element_type=\"widget\" data-widget_type=\"text-editor.default\">\n\t\t\t\t<div class=\"elementor-widget-container\">\n\t\t\t\t\t\t\t<p>Respons\u00e1vel T\u00e9cnico:<\/p>\t\t\t\t\t\t<\/div>\n\t\t\t\t<\/div>\n\t\t\t\t<div class=\"elementor-element elementor-element-aa0d83d elementor-widget elementor-widget-text-editor\" data-id=\"aa0d83d\" data-element_type=\"widget\" data-widget_type=\"text-editor.default\">\n\t\t\t\t<div class=\"elementor-widget-container\">\n\t\t\t\t\t\t\t<p>Dr. Leandro Costa Gon\u00e7alves de Oliveira<br \/>CREMEPE: 17772<\/p>\t\t\t\t\t\t<\/div>\n\t\t\t\t<\/div>\n\t\t\t\t\t<\/div>\n\t\t<\/div>\n\t\t\t\t<div class=\"elementor-column elementor-col-33 elementor-top-column elementor-element elementor-element-1237fe3\" data-id=\"1237fe3\" data-element_type=\"column\" data-settings=\"{&quot;background_background&quot;:&quot;gradient&quot;}\">\n\t\t\t<div class=\"elementor-widget-wrap elementor-element-populated\">\n\t\t\t\t\t\t\t\t<div class=\"elementor-element elementor-element-15a1375 elementor-widget elementor-widget-heading\" data-id=\"15a1375\" data-element_type=\"widget\" data-widget_type=\"heading.default\">\n\t\t\t\t<div class=\"elementor-widget-container\">\n\t\t\t<h2 class=\"elementor-heading-title elementor-size-default\">Contato<\/h2>\t\t<\/div>\n\t\t\t\t<\/div>\n\t\t\t\t<section class=\"elementor-section elementor-inner-section elementor-element elementor-element-37f97a6 elementor-section-boxed elementor-section-height-default elementor-section-height-default\" data-id=\"37f97a6\" data-element_type=\"section\">\n\t\t\t\t\t\t<div class=\"elementor-container elementor-column-gap-default\">\n\t\t\t\t\t<div class=\"elementor-column elementor-col-50 elementor-inner-column elementor-element elementor-element-feaf53b\" data-id=\"feaf53b\" data-element_type=\"column\">\n\t\t\t<div class=\"elementor-widget-wrap elementor-element-populated\">\n\t\t\t\t\t\t\t\t<div class=\"elementor-element elementor-element-52f88b3 elementor-view-default elementor-widget elementor-widget-icon\" data-id=\"52f88b3\" data-element_type=\"widget\" data-widget_type=\"icon.default\">\n\t\t\t\t<div class=\"elementor-widget-container\">\n\t\t\t\t\t<div class=\"elementor-icon-wrapper\">\n\t\t\t<a class=\"elementor-icon\" href=\"https:\/\/www.google.com\/maps\/dir\/\/-9.390558,-40.486817\/@-9.390558,-40.486817,16z?hl=pt-BR\" target=\"_blank\">\n\t\t\t<i aria-hidden=\"true\" class=\"fas fa-map-marker-alt\"><\/i>\t\t\t<\/a>\n\t\t<\/div>\n\t\t\t\t<\/div>\n\t\t\t\t<\/div>\n\t\t\t\t\t<\/div>\n\t\t<\/div>\n\t\t\t\t<div class=\"elementor-column elementor-col-50 elementor-inner-column elementor-element elementor-element-92017a7\" data-id=\"92017a7\" data-element_type=\"column\">\n\t\t\t<div class=\"elementor-widget-wrap elementor-element-populated\">\n\t\t\t\t\t\t\t\t<div class=\"elementor-element elementor-element-c23a080 elementor-widget elementor-widget-text-editor\" data-id=\"c23a080\" data-element_type=\"widget\" data-widget_type=\"text-editor.default\">\n\t\t\t\t<div class=\"elementor-widget-container\">\n\t\t\t\t\t\t\t<p>R. Jos\u00e9 do Patroc\u00ednio, 545 &#8211; Vila Eduardo. Petrolina &#8211; PE. CEP: 56328-150<\/p>\t\t\t\t\t\t<\/div>\n\t\t\t\t<\/div>\n\t\t\t\t\t<\/div>\n\t\t<\/div>\n\t\t\t\t\t\t\t<\/div>\n\t\t<\/section>\n\t\t\t\t<section class=\"elementor-section elementor-inner-section elementor-element elementor-element-96e5a38 elementor-section-boxed elementor-section-height-default elementor-section-height-default\" data-id=\"96e5a38\" data-element_type=\"section\">\n\t\t\t\t\t\t<div class=\"elementor-container elementor-column-gap-default\">\n\t\t\t\t\t<div class=\"elementor-column elementor-col-50 elementor-inner-column elementor-element elementor-element-a28965e\" data-id=\"a28965e\" data-element_type=\"column\">\n\t\t\t<div class=\"elementor-widget-wrap elementor-element-populated\">\n\t\t\t\t\t\t\t\t<div class=\"elementor-element elementor-element-556eb2c elementor-view-default elementor-widget elementor-widget-icon\" data-id=\"556eb2c\" data-element_type=\"widget\" data-widget_type=\"icon.default\">\n\t\t\t\t<div class=\"elementor-widget-container\">\n\t\t\t\t\t<div class=\"elementor-icon-wrapper\">\n\t\t\t<a class=\"elementor-icon\" href=\"mailto:institutodepatologiadovale@gmail.com\" target=\"_blank\">\n\t\t\t<i aria-hidden=\"true\" class=\"far fa-envelope\"><\/i>\t\t\t<\/a>\n\t\t<\/div>\n\t\t\t\t<\/div>\n\t\t\t\t<\/div>\n\t\t\t\t\t<\/div>\n\t\t<\/div>\n\t\t\t\t<div class=\"elementor-column elementor-col-50 elementor-inner-column elementor-element elementor-element-f2d5020\" data-id=\"f2d5020\" data-element_type=\"column\">\n\t\t\t<div class=\"elementor-widget-wrap elementor-element-populated\">\n\t\t\t\t\t\t\t\t<div class=\"elementor-element elementor-element-08e9095 elementor-widget elementor-widget-text-editor\" data-id=\"08e9095\" data-element_type=\"widget\" data-widget_type=\"text-editor.default\">\n\t\t\t\t<div class=\"elementor-widget-container\">\n\t\t\t\t\t\t\t<p>institutodepatologiadovale@gmail.com<\/p>\t\t\t\t\t\t<\/div>\n\t\t\t\t<\/div>\n\t\t\t\t\t<\/div>\n\t\t<\/div>\n\t\t\t\t\t\t\t<\/div>\n\t\t<\/section>\n\t\t\t\t<section class=\"elementor-section elementor-inner-section elementor-element elementor-element-096b81e elementor-section-boxed elementor-section-height-default elementor-section-height-default\" data-id=\"096b81e\" data-element_type=\"section\">\n\t\t\t\t\t\t<div class=\"elementor-container elementor-column-gap-default\">\n\t\t\t\t\t<div class=\"elementor-column elementor-col-50 elementor-inner-column elementor-element elementor-element-ac09bb5\" data-id=\"ac09bb5\" data-element_type=\"column\">\n\t\t\t<div class=\"elementor-widget-wrap elementor-element-populated\">\n\t\t\t\t\t\t\t\t<div class=\"elementor-element elementor-element-b5dc122 elementor-view-default elementor-widget elementor-widget-icon\" data-id=\"b5dc122\" data-element_type=\"widget\" data-widget_type=\"icon.default\">\n\t\t\t\t<div class=\"elementor-widget-container\">\n\t\t\t\t\t<div class=\"elementor-icon-wrapper\">\n\t\t\t<a class=\"elementor-icon\" href=\"tel:+556730242886\" target=\"_blank\">\n\t\t\t<i aria-hidden=\"true\" class=\"fas fa-phone-alt\"><\/i>\t\t\t<\/a>\n\t\t<\/div>\n\t\t\t\t<\/div>\n\t\t\t\t<\/div>\n\t\t\t\t\t<\/div>\n\t\t<\/div>\n\t\t\t\t<div class=\"elementor-column elementor-col-50 elementor-inner-column elementor-element elementor-element-cfb401a\" data-id=\"cfb401a\" data-element_type=\"column\">\n\t\t\t<div class=\"elementor-widget-wrap elementor-element-populated\">\n\t\t\t\t\t\t\t\t<div class=\"elementor-element elementor-element-66c6523 elementor-widget elementor-widget-text-editor\" data-id=\"66c6523\" data-element_type=\"widget\" data-widget_type=\"text-editor.default\">\n\t\t\t\t<div class=\"elementor-widget-container\">\n\t\t\t\t\t\t\t<p>(87) 3024 2882\u00a0<\/p>\t\t\t\t\t\t<\/div>\n\t\t\t\t<\/div>\n\t\t\t\t\t<\/div>\n\t\t<\/div>\n\t\t\t\t\t\t\t<\/div>\n\t\t<\/section>\n\t\t\t\t\t<\/div>\n\t\t<\/div>\n\t\t\t\t<div class=\"elementor-column elementor-col-33 elementor-top-column elementor-element elementor-element-e4cc589\" data-id=\"e4cc589\" data-element_type=\"column\" data-settings=\"{&quot;background_background&quot;:&quot;gradient&quot;}\">\n\t\t\t<div class=\"elementor-widget-wrap elementor-element-populated\">\n\t\t\t\t\t\t\t\t<div class=\"elementor-element elementor-element-8cd1041 elementor-widget elementor-widget-heading\" data-id=\"8cd1041\" data-element_type=\"widget\" data-widget_type=\"heading.default\">\n\t\t\t\t<div class=\"elementor-widget-container\">\n\t\t\t<h2 class=\"elementor-heading-title elementor-size-default\">Siga-nos<\/h2>\t\t<\/div>\n\t\t\t\t<\/div>\n\t\t\t\t<section class=\"elementor-section elementor-inner-section elementor-element elementor-element-03cd32d elementor-section-boxed elementor-section-height-default elementor-section-height-default\" data-id=\"03cd32d\" data-element_type=\"section\">\n\t\t\t\t\t\t<div class=\"elementor-container elementor-column-gap-default\">\n\t\t\t\t\t<div class=\"elementor-column elementor-col-33 elementor-inner-column elementor-element elementor-element-640553d\" data-id=\"640553d\" data-element_type=\"column\">\n\t\t\t<div class=\"elementor-widget-wrap elementor-element-populated\">\n\t\t\t\t\t\t\t\t<div class=\"elementor-element elementor-element-c4afff4 elementor-view-default elementor-widget elementor-widget-icon\" data-id=\"c4afff4\" data-element_type=\"widget\" data-widget_type=\"icon.default\">\n\t\t\t\t<div class=\"elementor-widget-container\">\n\t\t\t\t\t<div class=\"elementor-icon-wrapper\">\n\t\t\t<div class=\"elementor-icon\">\n\t\t\t<i aria-hidden=\"true\" class=\"fab fa-youtube-square\"><\/i>\t\t\t<\/div>\n\t\t<\/div>\n\t\t\t\t<\/div>\n\t\t\t\t<\/div>\n\t\t\t\t\t<\/div>\n\t\t<\/div>\n\t\t\t\t<div class=\"elementor-column elementor-col-33 elementor-inner-column elementor-element elementor-element-2fcc311\" data-id=\"2fcc311\" data-element_type=\"column\">\n\t\t\t<div class=\"elementor-widget-wrap elementor-element-populated\">\n\t\t\t\t\t\t\t\t<div class=\"elementor-element elementor-element-6616a51 elementor-view-default elementor-widget elementor-widget-icon\" data-id=\"6616a51\" data-element_type=\"widget\" data-widget_type=\"icon.default\">\n\t\t\t\t<div class=\"elementor-widget-container\">\n\t\t\t\t\t<div class=\"elementor-icon-wrapper\">\n\t\t\t<div class=\"elementor-icon\">\n\t\t\t<i aria-hidden=\"true\" class=\"fab fa-instagram\"><\/i>\t\t\t<\/div>\n\t\t<\/div>\n\t\t\t\t<\/div>\n\t\t\t\t<\/div>\n\t\t\t\t\t<\/div>\n\t\t<\/div>\n\t\t\t\t<div class=\"elementor-column elementor-col-33 elementor-inner-column elementor-element elementor-element-f6164b7\" data-id=\"f6164b7\" data-element_type=\"column\">\n\t\t\t<div class=\"elementor-widget-wrap elementor-element-populated\">\n\t\t\t\t\t\t\t\t<div class=\"elementor-element elementor-element-a4d7dc6 elementor-view-default elementor-widget elementor-widget-icon\" data-id=\"a4d7dc6\" data-element_type=\"widget\" data-widget_type=\"icon.default\">\n\t\t\t\t<div class=\"elementor-widget-container\">\n\t\t\t\t\t<div class=\"elementor-icon-wrapper\">\n\t\t\t<div class=\"elementor-icon\">\n\t\t\t<i aria-hidden=\"true\" class=\"fab fa-facebook\"><\/i>\t\t\t<\/div>\n\t\t<\/div>\n\t\t\t\t<\/div>\n\t\t\t\t<\/div>\n\t\t\t\t\t<\/div>\n\t\t<\/div>\n\t\t\t\t\t\t\t<\/div>\n\t\t<\/section>\n\t\t\t\t\t<\/div>\n\t\t<\/div>\n\t\t\t\t\t\t\t<\/div>\n\t\t<\/section>\n\t\t\t\t<section class=\"elementor-section elementor-top-section elementor-element elementor-element-7973bbe elementor-section-full_width elementor-section-height-min-height elementor-section-height-default elementor-section-items-middle\" data-id=\"7973bbe\" data-element_type=\"section\" data-settings=\"{&quot;background_background&quot;:&quot;gradient&quot;}\">\n\t\t\t\t\t\t<div class=\"elementor-container elementor-column-gap-default\">\n\t\t\t\t\t<div class=\"elementor-column elementor-col-100 elementor-top-column elementor-element elementor-element-fca7f8e\" data-id=\"fca7f8e\" data-element_type=\"column\">\n\t\t\t<div class=\"elementor-widget-wrap elementor-element-populated\">\n\t\t\t\t\t\t\t\t<div class=\"elementor-element elementor-element-e899a8d elementor-widget elementor-widget-heading\" data-id=\"e899a8d\" data-element_type=\"widget\" data-widget_type=\"heading.default\">\n\t\t\t\t<div class=\"elementor-widget-container\">\n\t\t\t<h2 class=\"elementor-heading-title elementor-size-default\">Copyright [2021] - Intersistemas Servi\u00e7os em Tecnologia Ltda - (84) 3642 1690<\/h2>\t\t<\/div>\n\t\t\t\t<\/div>\n\t\t\t\t\t<\/div>\n\t\t<\/div>\n\t\t\t\t\t\t\t<\/div>\n\t\t<\/section>\n\t\t\t\t\t\t\t<\/div>\n\t\t","protected":false},"excerpt":{"rendered":"<p>RESULTADO DE EXAMES Acesse os resultados online dos exames, preenchendo os dados abaixo Paciente N\u00famero do Exame: Senha: M\u00e9dicos Usu\u00e1rio: Senha: Proced\u00eancias Usu\u00e1rio: Senha: Respons\u00e1vel T\u00e9cnico: Dr. Leandro Costa Gon\u00e7alves de OliveiraCREMEPE: 17772 Contato R. Jos\u00e9 do Patroc\u00ednio, 545 &#8211; Vila Eduardo. Petrolina &#8211; PE. CEP: 56328-150 institutodepatologiadovale@gmail.com (87) 3024 2882\u00a0 Siga-nos Copyright [2021] &#8211; [&hellip;]<\/p>\n","protected":false},"author":1,"featured_media":0,"parent":0,"menu_order":0,"comment_status":"closed","ping_status":"closed","template":"elementor_header_footer","meta":[],"_links":{"self":[{"href":"https:\/\/institutodepatologiadovale.com.br\/index.php\/wp-json\/wp\/v2\/pages\/10"}],"collection":[{"href":"https:\/\/institutodepatologiadovale.com.br\/index.php\/wp-json\/wp\/v2\/pages"}],"about":[{"href":"https:\/\/institutodepatologiadovale.com.br\/index.php\/wp-json\/wp\/v2\/types\/page"}],"author":[{"embeddable":true,"href":"https:\/\/institutodepatologiadovale.com.br\/index.php\/wp-json\/wp\/v2\/users\/1"}],"replies":[{"embeddable":true,"href":"https:\/\/institutodepatologiadovale.com.br\/index.php\/wp-json\/wp\/v2\/comments?post=10"}],"version-history":[{"count":242,"href":"https:\/\/institutodepatologiadovale.com.br\/index.php\/wp-json\/wp\/v2\/pages\/10\/revisions"}],"predecessor-version":[{"id":3475,"href":"https:\/\/institutodepatologiadovale.com.br\/index.php\/wp-json\/wp\/v2\/pages\/10\/revisions\/3475"}],"wp:attachment":[{"href":"https:\/\/institutodepatologiadovale.com.br\/index.php\/wp-json\/wp\/v2\/media?parent=10"}],"curies":[{"name":"wp","href":"https:\/\/api.w.org\/{rel}","templated":true}]}}